{"id":622,"date":"2023-10-02T11:20:13","date_gmt":"2023-10-02T08:20:13","guid":{"rendered":"https:\/\/cronimo.fi\/about-us\/"},"modified":"2025-06-09T17:06:27","modified_gmt":"2025-06-09T14:06:27","slug":"about-us","status":"publish","type":"page","link":"https:\/\/cronimo.fi\/en\/about-us\/","title":{"rendered":"About Us"},"content":{"rendered":"<p>[et_pb_section fb_built=&#8221;1&#8243; _builder_version=&#8221;4.21.0&#8243; _module_preset=&#8221;default&#8221; custom_padding=&#8221;4px|||||&#8221; global_colors_info=&#8221;{}&#8221;][et_pb_row _builder_version=&#8221;4.21.0&#8243; _module_preset=&#8221;default&#8221; global_colors_info=&#8221;{}&#8221;][et_pb_column type=&#8221;4_4&#8243; _builder_version=&#8221;4.21.0&#8243; _module_preset=&#8221;default&#8221; global_colors_info=&#8221;{}&#8221;][et_pb_slider _builder_version=&#8221;4.21.0&#8243; _module_preset=&#8221;default&#8221; global_colors_info=&#8221;{}&#8221;][et_pb_slide heading=&#8221;COMPANY&#8221; button_link=&#8221;\/products\/&#8221; _builder_version=&#8221;4.21.0&#8243; _module_preset=&#8221;default&#8221; header_level=&#8221;h2&#8243; header_font=&#8221;|600|||||||&#8221; header_text_color=&#8221;#FFFFFF&#8221; header_font_size=&#8221;63px&#8221; body_font=&#8221;|600|||||||&#8221; body_font_size=&#8221;35px&#8221; body_line_height=&#8221;36px&#8221; background_enable_color=&#8221;off&#8221; background_image=&#8221;https:\/\/cronimo.fi\/wp-content\/uploads\/2023\/09\/Ruostumattomat-ja-haponkestavat-terasputket.jpg&#8221; background_enable_image=&#8221;on&#8221; custom_button=&#8221;on&#8221; button_text_color=&#8221;#FFFFFF&#8221; button_bg_color=&#8221;#E02B20&#8243; button_border_width=&#8221;-1px&#8221; button_border_color=&#8221;RGBA(255,255,255,0)&#8221; button_font=&#8221;|||on|||||&#8221; text_orientation=&#8221;left&#8221; background_layout=&#8221;light&#8221; custom_padding=&#8221;100px||100px||true|false&#8221; custom_padding_tablet=&#8221;100px||100px||true|false&#8221; custom_padding_phone=&#8221;50px||50px||true|false&#8221; custom_padding_last_edited=&#8221;on|phone&#8221; header_font_size_tablet=&#8221;63px&#8221; header_font_size_phone=&#8221;40px&#8221; header_font_size_last_edited=&#8221;on|phone&#8221; global_colors_info=&#8221;{}&#8221; sticky_transition=&#8221;on&#8221;][\/et_pb_slide][\/et_pb_slider][\/et_pb_column][\/et_pb_row][et_pb_row column_structure=&#8221;1_2,1_2&#8243; use_custom_gutter=&#8221;on&#8221; gutter_width=&#8221;1&#8243; make_equal=&#8221;on&#8221; _builder_version=&#8221;4.23.1&#8243; _module_preset=&#8221;default&#8221; min_height=&#8221;450px&#8221; custom_padding=&#8221;0px||||false|false&#8221; hover_enabled=&#8221;0&#8243; global_colors_info=&#8221;{}&#8221; sticky_enabled=&#8221;0&#8243;][et_pb_column type=&#8221;1_2&#8243; _builder_version=&#8221;4.23.1&#8243; _module_preset=&#8221;default&#8221; background_color=&#8221;#e2e7ed&#8221; custom_padding=&#8221;5%|5%|5%|5%|true|true&#8221; custom_padding_tablet=&#8221;3px|115px|3px|115px|true|true&#8221; custom_padding_phone=&#8221;20px|20px|20px|20px|true|true&#8221; custom_padding_last_edited=&#8221;on|phone&#8221; global_colors_info=&#8221;{}&#8221;][et_pb_text _builder_version=&#8221;4.23.1&#8243; _module_preset=&#8221;default&#8221; text_text_color=&#8221;#000000&#8243; text_line_height=&#8221;1.8em&#8221; header_2_text_color=&#8221;#E02B20&#8243; header_2_font_size=&#8221;35px&#8221; header_2_letter_spacing=&#8221;1px&#8221; header_2_line_height=&#8221;1.4em&#8221; background_color=&#8221;RGBA(255,255,255,0)&#8221; custom_padding=&#8221;22px||22px||true|false&#8221; header_2_font_size_tablet=&#8221;35px&#8221; header_2_font_size_phone=&#8221;24px&#8221; header_2_font_size_last_edited=&#8221;on|desktop&#8221; header_2_line_height_tablet=&#8221;1.4em&#8221; header_2_line_height_phone=&#8221;1.2em&#8221; header_2_line_height_last_edited=&#8221;on|phone&#8221; global_colors_info=&#8221;{}&#8221;]<\/p>\n<h2>EXPERT IN SPECIAL STEELS<\/h2>\n<hr width=\"20%\" size=\"4\" color=\"red\" align=\"left\" noshade>\n<p>&nbsp;<\/p>\n<p>Oy Cronimo AB is a family business founded in 1981. Throughout its 40-year history, Cronimo has been a strong operator and expert in special steel.<\/p>\n<p>Our office is located in Nurmij\u00e4rvi in the Karhukorvi industrial area. The premises are our own 2300 m2 warehouse and office premises. We stock a comprehensive amount of heat- and fire-resistant steel materials in plates, bars and pipes. The total amount of our stock is approx. 1000 tons.<\/p>\n<p>[\/et_pb_text][\/et_pb_column][et_pb_column type=&#8221;1_2&#8243; _builder_version=&#8221;4.23.1&#8243; _module_preset=&#8221;default&#8221; custom_padding=&#8221;||||true&#8221; custom_padding_tablet=&#8221;||||true&#8221; custom_padding_phone=&#8221;60px||60px||true|false&#8221; custom_padding_last_edited=&#8221;on|desktop&#8221; hover_enabled=&#8221;0&#8243; global_colors_info=&#8221;{}&#8221; alt=&#8221;l\u00e4mm\u00f6nkest\u00e4v\u00e4t ter\u00e4slevyt&#8221; title_text=&#8221;l\u00e4mm\u00f6nkest\u00e4v\u00e4t ter\u00e4slevyt&#8221; background_image=&#8221;https:\/\/cronimo.fi\/wp-content\/uploads\/2023\/09\/lammonkestavat-teraslevyt.jpg&#8221; sticky_enabled=&#8221;0&#8243;][et_pb_image src=&#8221;https:\/\/cronimo.fi\/wp-content\/uploads\/2023\/09\/lammonkestavat-teraslevyt.jpg&#8221; alt=&#8221;heat-resistant steel plates&#8221; title_text=&#8221;heat-resistant steel plates&#8221; force_fullwidth=&#8221;on&#8221; _builder_version=&#8221;4.23.1&#8243; _module_preset=&#8221;default&#8221; height=&#8221;561px&#8221; hover_enabled=&#8221;0&#8243; global_colors_info=&#8221;{}&#8221; disabled_on=&#8221;off|on|on&#8221; sticky_enabled=&#8221;0&#8243;][\/et_pb_image][\/et_pb_column][\/et_pb_row][et_pb_row column_structure=&#8221;1_2,1_2&#8243; use_custom_gutter=&#8221;on&#8221; gutter_width=&#8221;1&#8243; make_equal=&#8221;on&#8221; _builder_version=&#8221;4.23.1&#8243; _module_preset=&#8221;default&#8221; min_height=&#8221;450px&#8221; custom_padding=&#8221;0px||||false|false&#8221; hover_enabled=&#8221;0&#8243; global_colors_info=&#8221;{}&#8221; sticky_enabled=&#8221;0&#8243;][et_pb_column type=&#8221;1_2&#8243; _builder_version=&#8221;4.23.1&#8243; _module_preset=&#8221;default&#8221; custom_padding=&#8221;||||true&#8221; custom_padding_tablet=&#8221;||||true&#8221; custom_padding_phone=&#8221;60px||60px||true|false&#8221; custom_padding_last_edited=&#8221;on|phone&#8221; hover_enabled=&#8221;0&#8243; global_colors_info=&#8221;{}&#8221; alt=&#8221;nikkeliseoslevyt&#8221; title_text=&#8221;nikkeliseoslevyt&#8221; background_image=&#8221;https:\/\/cronimo.fi\/wp-content\/uploads\/2023\/09\/nikkeliseoslevyt-1.jpg&#8221; sticky_enabled=&#8221;0&#8243;][et_pb_image src=&#8221;https:\/\/cronimo.fi\/wp-content\/uploads\/2023\/09\/nikkeliseoslevyt-1.jpg&#8221; alt=&#8221;nickel alloy plates&#8221; title_text=&#8221;nickel alloy plates&#8221; force_fullwidth=&#8221;on&#8221; _builder_version=&#8221;4.23.1&#8243; _module_preset=&#8221;default&#8221; height=&#8221;538px&#8221; global_colors_info=&#8221;{}&#8221;][\/et_pb_image][\/et_pb_column][et_pb_column type=&#8221;1_2&#8243; _builder_version=&#8221;4.23.1&#8243; _module_preset=&#8221;default&#8221; background_color=&#8221;#f8f9fb&#8221; custom_padding=&#8221;5%|5%|5%|5%|true|true&#8221; custom_padding_tablet=&#8221;5%|5%|5%|5%|true|true&#8221; custom_padding_phone=&#8221;5%|5%|5%|5%|true|true&#8221; custom_padding_last_edited=&#8221;on|phone&#8221; global_colors_info=&#8221;{}&#8221;][et_pb_text _builder_version=&#8221;4.21.0&#8243; _module_preset=&#8221;default&#8221; text_text_color=&#8221;#000000&#8243; text_line_height=&#8221;1.8em&#8221; header_2_text_color=&#8221;#000000&#8243; header_2_font_size=&#8221;35px&#8221; header_2_letter_spacing=&#8221;1px&#8221; header_2_line_height=&#8221;1.4em&#8221; background_color=&#8221;RGBA(255,255,255,0)&#8221; custom_margin=&#8221;37px||37px||true|false&#8221; global_colors_info=&#8221;{}&#8221;]<\/p>\n<p>As an important part of our delivery program are also included other special steels, such as nickel alloy materials, duplex and other corrosion-resistant materials.<\/p>\n<p>Oy Ferox Tube AB is a 100% owned subsidiary of Cronimo, whose history goes back to 1975. The company focuses on the sale and representation of boiler- and heat exchanger pipes. Other special pipe materials and pipeline parts are also part of the delivery program.<\/p>\n<p>Our operation is certified according to the ISO 9001 standard and the materials we deliver are completely traceable.<\/p>\n<p>[\/et_pb_text][\/et_pb_column][\/et_pb_row][et_pb_row _builder_version=&#8221;4.21.0&#8243; _module_preset=&#8221;default&#8221; custom_padding=&#8221;4px||2px|||&#8221; global_colors_info=&#8221;{}&#8221;][et_pb_column type=&#8221;4_4&#8243; _builder_version=&#8221;4.21.0&#8243; _module_preset=&#8221;default&#8221; global_colors_info=&#8221;{}&#8221;][et_pb_slider _builder_version=&#8221;4.21.0&#8243; _module_preset=&#8221;default&#8221; header_font=&#8221;|600|||||||&#8221; header_text_color=&#8221;#FFFFFF&#8221; global_colors_info=&#8221;{}&#8221;][et_pb_slide heading=&#8221;HOW CAN WE HELP YOU? GET IN TOUCH!&#8221; button_text=&#8221;Contact Us&#8221; button_link=&#8221;https:\/\/cronimo.fi\/en\/contact-us\/&#8221; _builder_version=&#8221;4.21.0&#8243; _module_preset=&#8221;default&#8221; header_level=&#8221;h2&#8243; header_font=&#8221;|600|||||||&#8221; header_font_size=&#8221;39px&#8221; body_font=&#8221;|600|||||||&#8221; body_text_align=&#8221;center&#8221; body_line_height=&#8221;36px&#8221; background_color=&#8221;#f5561e&#8221; background_enable_color=&#8221;on&#8221; background_image=&#8221;https:\/\/cronimo.fi\/wp-content\/uploads\/2021\/07\/Cronimo_Ikoni_valk.png&#8221; background_enable_image=&#8221;on&#8221; background_size=&#8221;initial&#8221; background_position=&#8221;center_right&#8221; background_horizontal_offset=&#8221;0%&#8221; background_blend=&#8221;soft-light&#8221; custom_button=&#8221;on&#8221; button_text_color=&#8221;#000000&#8243; button_bg_color=&#8221;#FFFFFF&#8221; button_border_width=&#8221;0px&#8221; button_border_color=&#8221;RGBA(255,255,255,0)&#8221; button_font=&#8221;|600||on|||||&#8221; text_orientation=&#8221;center&#8221; background_layout=&#8221;light&#8221; custom_padding=&#8221;103px||103px||true|false&#8221; global_colors_info=&#8221;{}&#8221; sticky_transition=&#8221;on&#8221;][\/et_pb_slide][\/et_pb_slider][\/et_pb_column][\/et_pb_row][\/et_pb_section]<\/p>\n","protected":false},"excerpt":{"rendered":"<p>EXPERT IN SPECIAL STEELS &nbsp; Oy Cronimo AB is a family business founded in 1981. Throughout its 40-year history, Cronimo has been a strong operator and expert in special steel. Our office is located in Nurmij\u00e4rvi in the Karhukorvi industrial area. The premises are our own 2300 m2 warehouse and office premises. We stock a [&hellip;]<\/p>\n","protected":false},"author":1,"featured_media":0,"parent":0,"menu_order":0,"comment_status":"closed","ping_status":"closed","template":"","meta":{"_et_pb_use_builder":"on","_et_pb_old_content":"","_et_gb_content_width":"","footnotes":""},"class_list":["post-622","page","type-page","status-publish","hentry"],"yoast_head":"<!-- This site is optimized with the Yoast SEO plugin v27.3 - https:\/\/yoast.com\/product\/yoast-seo-wordpress\/ -->\n<title>About Us - Cronimo<\/title>\n<meta name=\"description\" content=\"EXPERT IN SPECIAL STEELS. Oy Cronimo AB is a family company. Cronimo works as a strong operator and expert in special steel.\" \/>\n<meta name=\"robots\" content=\"index, follow, max-snippet:-1, max-image-preview:large, max-video-preview:-1\" \/>\n<link rel=\"canonical\" href=\"https:\/\/cronimo.fi\/yritys\/\" \/>\n<meta property=\"og:locale\" content=\"en_US\" \/>\n<meta property=\"og:type\" content=\"article\" \/>\n<meta property=\"og:title\" content=\"About Us - Cronimo\" \/>\n<meta property=\"og:description\" content=\"EXPERT IN SPECIAL STEELS. Oy Cronimo AB is a family company. Cronimo works as a strong operator and expert in special steel.\" \/>\n<meta property=\"og:url\" content=\"https:\/\/cronimo.fi\/yritys\/\" \/>\n<meta property=\"og:site_name\" content=\"Cronimo\" \/>\n<meta property=\"article:modified_time\" content=\"2025-06-09T14:06:27+00:00\" \/>\n<meta name=\"twitter:card\" content=\"summary_large_image\" \/>\n<meta name=\"twitter:label1\" content=\"Est. reading time\" \/>\n\t<meta name=\"twitter:data1\" content=\"5 minutes\" \/>\n<script type=\"application\/ld+json\" class=\"yoast-schema-graph\">{\"@context\":\"https:\\\/\\\/schema.org\",\"@graph\":[{\"@type\":\"WebPage\",\"@id\":\"https:\\\/\\\/cronimo.fi\\\/yritys\\\/\",\"url\":\"https:\\\/\\\/cronimo.fi\\\/yritys\\\/\",\"name\":\"About Us - Cronimo\",\"isPartOf\":{\"@id\":\"https:\\\/\\\/cronimo.fi\\\/#website\"},\"datePublished\":\"2023-10-02T08:20:13+00:00\",\"dateModified\":\"2025-06-09T14:06:27+00:00\",\"description\":\"EXPERT IN SPECIAL STEELS. Oy Cronimo AB is a family company. Cronimo works as a strong operator and expert in special steel.\",\"breadcrumb\":{\"@id\":\"https:\\\/\\\/cronimo.fi\\\/yritys\\\/#breadcrumb\"},\"inLanguage\":\"en-US\",\"potentialAction\":[{\"@type\":\"ReadAction\",\"target\":[\"https:\\\/\\\/cronimo.fi\\\/yritys\\\/\"]}]},{\"@type\":\"BreadcrumbList\",\"@id\":\"https:\\\/\\\/cronimo.fi\\\/yritys\\\/#breadcrumb\",\"itemListElement\":[{\"@type\":\"ListItem\",\"position\":1,\"name\":\"Etusivu\",\"item\":\"https:\\\/\\\/cronimo.fi\\\/en\\\/\"},{\"@type\":\"ListItem\",\"position\":2,\"name\":\"About Us\"}]},{\"@type\":\"WebSite\",\"@id\":\"https:\\\/\\\/cronimo.fi\\\/#website\",\"url\":\"https:\\\/\\\/cronimo.fi\\\/\",\"name\":\"Cronimo\",\"description\":\"An expert in steel\",\"publisher\":{\"@id\":\"https:\\\/\\\/cronimo.fi\\\/#organization\"},\"potentialAction\":[{\"@type\":\"SearchAction\",\"target\":{\"@type\":\"EntryPoint\",\"urlTemplate\":\"https:\\\/\\\/cronimo.fi\\\/?s={search_term_string}\"},\"query-input\":{\"@type\":\"PropertyValueSpecification\",\"valueRequired\":true,\"valueName\":\"search_term_string\"}}],\"inLanguage\":\"en-US\"},{\"@type\":\"Organization\",\"@id\":\"https:\\\/\\\/cronimo.fi\\\/#organization\",\"name\":\"Cronimo\",\"url\":\"https:\\\/\\\/cronimo.fi\\\/\",\"logo\":{\"@type\":\"ImageObject\",\"inLanguage\":\"en-US\",\"@id\":\"https:\\\/\\\/cronimo.fi\\\/#\\\/schema\\\/logo\\\/image\\\/\",\"url\":\"https:\\\/\\\/cronimo.fi\\\/wp-content\\\/uploads\\\/2021\\\/06\\\/Cronimo_oranssi.png\",\"contentUrl\":\"https:\\\/\\\/cronimo.fi\\\/wp-content\\\/uploads\\\/2021\\\/06\\\/Cronimo_oranssi.png\",\"width\":400,\"height\":190,\"caption\":\"Cronimo\"},\"image\":{\"@id\":\"https:\\\/\\\/cronimo.fi\\\/#\\\/schema\\\/logo\\\/image\\\/\"}}]}<\/script>\n<!-- \/ Yoast SEO plugin. -->","yoast_head_json":{"title":"About Us - Cronimo","description":"EXPERT IN SPECIAL STEELS. Oy Cronimo AB is a family company. Cronimo works as a strong operator and expert in special steel.","robots":{"index":"index","follow":"follow","max-snippet":"max-snippet:-1","max-image-preview":"max-image-preview:large","max-video-preview":"max-video-preview:-1"},"canonical":"https:\/\/cronimo.fi\/yritys\/","og_locale":"en_US","og_type":"article","og_title":"About Us - Cronimo","og_description":"EXPERT IN SPECIAL STEELS. Oy Cronimo AB is a family company. Cronimo works as a strong operator and expert in special steel.","og_url":"https:\/\/cronimo.fi\/yritys\/","og_site_name":"Cronimo","article_modified_time":"2025-06-09T14:06:27+00:00","twitter_card":"summary_large_image","twitter_misc":{"Est. reading time":"5 minutes"},"schema":{"@context":"https:\/\/schema.org","@graph":[{"@type":"WebPage","@id":"https:\/\/cronimo.fi\/yritys\/","url":"https:\/\/cronimo.fi\/yritys\/","name":"About Us - Cronimo","isPartOf":{"@id":"https:\/\/cronimo.fi\/#website"},"datePublished":"2023-10-02T08:20:13+00:00","dateModified":"2025-06-09T14:06:27+00:00","description":"EXPERT IN SPECIAL STEELS. Oy Cronimo AB is a family company. Cronimo works as a strong operator and expert in special steel.","breadcrumb":{"@id":"https:\/\/cronimo.fi\/yritys\/#breadcrumb"},"inLanguage":"en-US","potentialAction":[{"@type":"ReadAction","target":["https:\/\/cronimo.fi\/yritys\/"]}]},{"@type":"BreadcrumbList","@id":"https:\/\/cronimo.fi\/yritys\/#breadcrumb","itemListElement":[{"@type":"ListItem","position":1,"name":"Etusivu","item":"https:\/\/cronimo.fi\/en\/"},{"@type":"ListItem","position":2,"name":"About Us"}]},{"@type":"WebSite","@id":"https:\/\/cronimo.fi\/#website","url":"https:\/\/cronimo.fi\/","name":"Cronimo","description":"An expert in steel","publisher":{"@id":"https:\/\/cronimo.fi\/#organization"},"potentialAction":[{"@type":"SearchAction","target":{"@type":"EntryPoint","urlTemplate":"https:\/\/cronimo.fi\/?s={search_term_string}"},"query-input":{"@type":"PropertyValueSpecification","valueRequired":true,"valueName":"search_term_string"}}],"inLanguage":"en-US"},{"@type":"Organization","@id":"https:\/\/cronimo.fi\/#organization","name":"Cronimo","url":"https:\/\/cronimo.fi\/","logo":{"@type":"ImageObject","inLanguage":"en-US","@id":"https:\/\/cronimo.fi\/#\/schema\/logo\/image\/","url":"https:\/\/cronimo.fi\/wp-content\/uploads\/2021\/06\/Cronimo_oranssi.png","contentUrl":"https:\/\/cronimo.fi\/wp-content\/uploads\/2021\/06\/Cronimo_oranssi.png","width":400,"height":190,"caption":"Cronimo"},"image":{"@id":"https:\/\/cronimo.fi\/#\/schema\/logo\/image\/"}}]}},"_links":{"self":[{"href":"https:\/\/cronimo.fi\/en\/wp-json\/wp\/v2\/pages\/622","targetHints":{"allow":["GET"]}}],"collection":[{"href":"https:\/\/cronimo.fi\/en\/wp-json\/wp\/v2\/pages"}],"about":[{"href":"https:\/\/cronimo.fi\/en\/wp-json\/wp\/v2\/types\/page"}],"author":[{"embeddable":true,"href":"https:\/\/cronimo.fi\/en\/wp-json\/wp\/v2\/users\/1"}],"replies":[{"embeddable":true,"href":"https:\/\/cronimo.fi\/en\/wp-json\/wp\/v2\/comments?post=622"}],"version-history":[{"count":9,"href":"https:\/\/cronimo.fi\/en\/wp-json\/wp\/v2\/pages\/622\/revisions"}],"predecessor-version":[{"id":2919,"href":"https:\/\/cronimo.fi\/en\/wp-json\/wp\/v2\/pages\/622\/revisions\/2919"}],"wp:attachment":[{"href":"https:\/\/cronimo.fi\/en\/wp-json\/wp\/v2\/media?parent=622"}],"curies":[{"name":"wp","href":"https:\/\/api.w.org\/{rel}","templated":true}]}}