{"id":634,"date":"2023-09-15T11:19:29","date_gmt":"2023-09-15T08:19:29","guid":{"rendered":"https:\/\/cronimo.fi\/products\/"},"modified":"2025-06-18T17:00:24","modified_gmt":"2025-06-18T14:00:24","slug":"stock-products","status":"publish","type":"page","link":"https:\/\/cronimo.fi\/en\/stock-products\/","title":{"rendered":"Products"},"content":{"rendered":"<p>[et_pb_section fb_built=&#8221;1&#8243; _builder_version=&#8221;4.21.0&#8243; _module_preset=&#8221;default&#8221; custom_padding=&#8221;4px|||||&#8221; global_colors_info=&#8221;{}&#8221;][et_pb_row _builder_version=&#8221;4.21.0&#8243; _module_preset=&#8221;default&#8221; global_colors_info=&#8221;{}&#8221;][et_pb_column type=&#8221;4_4&#8243; _builder_version=&#8221;4.21.0&#8243; _module_preset=&#8221;default&#8221; global_colors_info=&#8221;{}&#8221;][et_pb_slider _builder_version=&#8221;4.23.1&#8243; _module_preset=&#8221;default&#8221; global_colors_info=&#8221;{}&#8221;][et_pb_slide heading=&#8221;STOCK PRODUCTS&#8221; button_link=&#8221;https:\/\/cronimo.fi\/en\/products\/&#8221; _builder_version=&#8221;4.23.1&#8243; _module_preset=&#8221;default&#8221; header_level=&#8221;h2&#8243; header_font=&#8221;|600|||||||&#8221; header_text_color=&#8221;#FFFFFF&#8221; header_font_size=&#8221;60px&#8221; body_font=&#8221;|600|||||||&#8221; body_font_size=&#8221;35px&#8221; body_line_height=&#8221;36px&#8221; background_enable_color=&#8221;off&#8221; background_image=&#8221;https:\/\/cronimo.fi\/wp-content\/uploads\/2023\/09\/terasputket.jpg&#8221; background_enable_image=&#8221;on&#8221; custom_button=&#8221;on&#8221; button_text_color=&#8221;#FFFFFF&#8221; button_bg_color=&#8221;#E02B20&#8243; button_border_width=&#8221;-1px&#8221; button_border_color=&#8221;RGBA(255,255,255,0)&#8221; button_font=&#8221;|||on|||||&#8221; text_orientation=&#8221;left&#8221; background_layout=&#8221;light&#8221; custom_padding=&#8221;100px||100px||true|false&#8221; custom_padding_tablet=&#8221;100px||100px||true|false&#8221; custom_padding_phone=&#8221;50px||50px||true|false&#8221; custom_padding_last_edited=&#8221;on|desktop&#8221; header_font_size_tablet=&#8221;50px&#8221; header_font_size_phone=&#8221;23px&#8221; header_font_size_last_edited=&#8221;on|desktop&#8221; global_colors_info=&#8221;{}&#8221; sticky_transition=&#8221;on&#8221;][\/et_pb_slide][\/et_pb_slider][\/et_pb_column][\/et_pb_row][et_pb_row column_structure=&#8221;1_2,1_2&#8243; use_custom_gutter=&#8221;on&#8221; gutter_width=&#8221;1&#8243; make_equal=&#8221;on&#8221; _builder_version=&#8221;4.23.1&#8243; _module_preset=&#8221;default&#8221; custom_padding=&#8221;0px||||false|false&#8221; global_colors_info=&#8221;{}&#8221;][et_pb_column type=&#8221;1_2&#8243; _builder_version=&#8221;4.23.1&#8243; _module_preset=&#8221;default&#8221; background_color=&#8221;#e2e7ed&#8221; custom_padding=&#8221;5%|5%|5%|5%|true|true&#8221; custom_padding_tablet=&#8221;5%|5%|5%|5%|true|true&#8221; custom_padding_phone=&#8221;5%|5%|5%|5%|true|true&#8221; custom_padding_last_edited=&#8221;on|phone&#8221; global_colors_info=&#8221;{}&#8221;][et_pb_text _builder_version=&#8221;4.27.4&#8243; _module_preset=&#8221;default&#8221; text_text_color=&#8221;#000000&#8243; text_line_height=&#8221;1.8em&#8221; header_2_text_color=&#8221;#000000&#8243; header_2_font_size=&#8221;35px&#8221; header_2_letter_spacing=&#8221;1px&#8221; header_2_line_height=&#8221;1.4em&#8221; background_color=&#8221;RGBA(255,255,255,0)&#8221; header_font_size_tablet=&#8221;&#8221; header_font_size_phone=&#8221;28px&#8221; header_font_size_last_edited=&#8221;on|phone&#8221; global_colors_info=&#8221;{}&#8221;]<\/p>\n<h1>STEEL PLATES<\/h1>\n<h4>FIRE-RESISTANT STEEL PLATES<\/h4>\n<p>EN\u00a0 1.4713<br \/>EN 1.4742<br \/>EN 1.4828<br \/>EN 1.4835 \/ 253 (MA)<br \/>EN 1.4841<\/p>\n<h4>HEAT-RESISTANT STEEL PLATES<\/h4>\n<p>16 Mo 3<br \/>13CrMo 4-5 \/ SA387 Gr.12 Cl.2<br \/>10CrMo 9-10 \/ SA387 Gr.22 Cl.2<\/p>\n<p>[\/et_pb_text][\/et_pb_column][et_pb_column type=&#8221;1_2&#8243; _builder_version=&#8221;4.23.1&#8243; _module_preset=&#8221;default&#8221; background_image=&#8221;https:\/\/cronimo.fi\/wp-content\/uploads\/2023\/09\/nikkeliseoslevyt.jpg&#8221; custom_padding=&#8221;||||true&#8221; custom_padding_tablet=&#8221;||||true&#8221; custom_padding_phone=&#8221;||||true|false&#8221; custom_padding_last_edited=&#8221;on|desktop&#8221; global_colors_info=&#8221;{}&#8221;][et_pb_image src=&#8221;https:\/\/cronimo.fi\/wp-content\/uploads\/2023\/09\/nikkeliseoslevyt-1.jpg&#8221; alt=&#8221;nikkeliseoslevyt&#8221; title_text=&#8221;nikkeliseoslevyt&#8221; disabled_on=&#8221;off|on|on&#8221; _builder_version=&#8221;4.23.1&#8243; _module_preset=&#8221;default&#8221; global_colors_info=&#8221;{}&#8221;][\/et_pb_image][\/et_pb_column][\/et_pb_row][et_pb_row column_structure=&#8221;1_2,1_2&#8243; use_custom_gutter=&#8221;on&#8221; gutter_width=&#8221;1&#8243; make_equal=&#8221;on&#8221; _builder_version=&#8221;4.23.1&#8243; _module_preset=&#8221;default&#8221; min_height=&#8221;390px&#8221; custom_padding=&#8221;0px||||false|false&#8221; global_colors_info=&#8221;{}&#8221;][et_pb_column type=&#8221;1_2&#8243; _builder_version=&#8221;4.23.1&#8243; _module_preset=&#8221;default&#8221; background_image=&#8221;https:\/\/cronimo.fi\/wp-content\/uploads\/2023\/09\/terasputket.jpg&#8221; custom_padding=&#8221;||||true&#8221; custom_padding_tablet=&#8221;||||true&#8221; custom_padding_phone=&#8221;||||true|false&#8221; custom_padding_last_edited=&#8221;on|desktop&#8221; global_colors_info=&#8221;{}&#8221;][et_pb_image src=&#8221;https:\/\/cronimo.fi\/wp-content\/uploads\/2023\/09\/terasputket.jpg&#8221; alt=&#8221;ter\u00e4sputket py\u00f6r\u00f6ter\u00e4kset&#8221; title_text=&#8221;ter\u00e4sputket&#8221; disabled_on=&#8221;off|on|on&#8221; _builder_version=&#8221;4.23.1&#8243; _module_preset=&#8221;default&#8221; global_colors_info=&#8221;{}&#8221;][\/et_pb_image][\/et_pb_column][et_pb_column type=&#8221;1_2&#8243; _builder_version=&#8221;4.23.1&#8243; _module_preset=&#8221;default&#8221; background_color=&#8221;#f8f9fb&#8221; custom_padding=&#8221;5%|5%|5%|5%|true|true&#8221; custom_padding_tablet=&#8221;5%|5%|5%|5%|true|true&#8221; custom_padding_phone=&#8221;5%|5%|5%|5%|true|true&#8221; custom_padding_last_edited=&#8221;on|phone&#8221; global_colors_info=&#8221;{}&#8221;][et_pb_text _builder_version=&#8221;4.27.4&#8243; _module_preset=&#8221;default&#8221; text_text_color=&#8221;#000000&#8243; text_line_height=&#8221;1.8em&#8221; header_2_text_color=&#8221;#000000&#8243; header_2_font_size=&#8221;35px&#8221; header_2_letter_spacing=&#8221;1px&#8221; header_2_line_height=&#8221;1.4em&#8221; background_color=&#8221;RGBA(255,255,255,0)&#8221; header_font_size_tablet=&#8221;&#8221; header_font_size_phone=&#8221;28px&#8221; header_font_size_last_edited=&#8221;on|phone&#8221; global_colors_info=&#8221;{}&#8221;]<\/p>\n<h1>ROUND STEEL<\/h1>\n<p><strong>FIRE-RESISTANT ROUND STEEL<br \/><\/strong>EN 1.4828<br \/>EN 1.4841<br \/>EN 1.4835 \/ 253 (MA)<br \/>EN 1.4742<\/p>\n<p><strong>HEAT-RESISTANT ROUND STEEL<\/strong><br \/>P250GH \/ SA105 \/ C22.8<br \/>16 Mo 3<br \/>13CrMo 4-5 \/ SA182 F12<br \/>10CrMo 9-10 \/ SA182 F22<br \/>X10CrMoVNb 9-1<\/p>\n<p>[\/et_pb_text][\/et_pb_column][\/et_pb_row][et_pb_row column_structure=&#8221;1_2,1_2&#8243; use_custom_gutter=&#8221;on&#8221; gutter_width=&#8221;1&#8243; make_equal=&#8221;on&#8221; _builder_version=&#8221;4.23.1&#8243; _module_preset=&#8221;default&#8221; min_height=&#8221;390px&#8221; custom_padding=&#8221;0px||||false|false&#8221; global_colors_info=&#8221;{}&#8221;][et_pb_column type=&#8221;1_2&#8243; _builder_version=&#8221;4.23.1&#8243; _module_preset=&#8221;default&#8221; background_color=&#8221;#e2e7ed&#8221; custom_padding=&#8221;5%|5%|5%|5%|true|true&#8221; custom_padding_tablet=&#8221;5%|5%|5%|5%|true|true&#8221; custom_padding_phone=&#8221;5%|5%|5%|5%|true|true&#8221; custom_padding_last_edited=&#8221;on|phone&#8221; global_colors_info=&#8221;{}&#8221;][et_pb_text _builder_version=&#8221;4.27.4&#8243; _module_preset=&#8221;default&#8221; text_text_color=&#8221;#000000&#8243; text_line_height=&#8221;1.8em&#8221; header_2_text_color=&#8221;#000000&#8243; header_2_font_size=&#8221;35px&#8221; header_2_letter_spacing=&#8221;1px&#8221; header_2_line_height=&#8221;1.4em&#8221; background_color=&#8221;RGBA(255,255,255,0)&#8221; custom_padding=&#8221;67px||67px||true|false&#8221; custom_padding_tablet=&#8221;67px||67px||true|false&#8221; custom_padding_phone=&#8221;0px||0px||true|false&#8221; custom_padding_last_edited=&#8221;on|phone&#8221; header_font_size_tablet=&#8221;&#8221; header_font_size_phone=&#8221;28px&#8221; header_font_size_last_edited=&#8221;on|phone&#8221; global_colors_info=&#8221;{}&#8221;]<\/p>\n<h1>ROUND STEEL<\/h1>\n<h4>SEAMLESS PIPES<\/h4>\n<p>253MA \/ S30815<br \/>EN 1.4841<\/p>\n<h4>WELDEDPIPES<\/h4>\n<p>253MA \/ S30815<\/p>\n<p>[\/et_pb_text][\/et_pb_column][et_pb_column type=&#8221;1_2&#8243; _builder_version=&#8221;4.23.1&#8243; _module_preset=&#8221;default&#8221; background_image=&#8221;https:\/\/cronimo.fi\/wp-content\/uploads\/2023\/10\/saumattomat-hitsatut-terasputket-2.jpg&#8221; custom_padding=&#8221;||||true&#8221; custom_padding_tablet=&#8221;||||true&#8221; custom_padding_phone=&#8221;||||true|false&#8221; custom_padding_last_edited=&#8221;on|desktop&#8221; global_colors_info=&#8221;{}&#8221;][et_pb_image src=&#8221;https:\/\/cronimo.fi\/wp-content\/uploads\/2023\/10\/saumattomat-hitsatut-terasputket-2.jpg&#8221; alt=&#8221;saumattomat hitsatut ter\u00e4sputket&#8221; title_text=&#8221;saumattomat hitsatut ter\u00e4sputket 2&#8243; disabled_on=&#8221;off|on|on&#8221; _builder_version=&#8221;4.23.1&#8243; _module_preset=&#8221;default&#8221; global_colors_info=&#8221;{}&#8221;][\/et_pb_image][\/et_pb_column][\/et_pb_row][et_pb_row column_structure=&#8221;1_2,1_2&#8243; use_custom_gutter=&#8221;on&#8221; gutter_width=&#8221;1&#8243; make_equal=&#8221;on&#8221; _builder_version=&#8221;4.23.1&#8243; _module_preset=&#8221;default&#8221; min_height=&#8221;390px&#8221; custom_padding=&#8221;0px||||false|false&#8221; global_colors_info=&#8221;{}&#8221;][et_pb_column type=&#8221;1_2&#8243; _builder_version=&#8221;4.23.1&#8243; _module_preset=&#8221;default&#8221; background_image=&#8221;https:\/\/cronimo.fi\/wp-content\/uploads\/2023\/09\/lammonkestavat-teraslevyt.jpg&#8221; custom_padding_tablet=&#8221;&#8221; custom_padding_phone=&#8221;||||true|true&#8221; custom_padding_last_edited=&#8221;on|desktop&#8221; global_colors_info=&#8221;{}&#8221;][et_pb_image src=&#8221;https:\/\/cronimo.fi\/wp-content\/uploads\/2023\/09\/lammonkestavat-teraslevyt.jpg&#8221; alt=&#8221;l\u00e4mm\u00f6nkest\u00e4v\u00e4t ter\u00e4slevyt&#8221; title_text=&#8221;l\u00e4mm\u00f6nkest\u00e4v\u00e4t ter\u00e4slevyt&#8221; disabled_on=&#8221;off|on|on&#8221; _builder_version=&#8221;4.23.1&#8243; _module_preset=&#8221;default&#8221; global_colors_info=&#8221;{}&#8221;][\/et_pb_image][\/et_pb_column][et_pb_column type=&#8221;1_2&#8243; _builder_version=&#8221;4.23.1&#8243; _module_preset=&#8221;default&#8221; background_color=&#8221;#f8f9fb&#8221; custom_padding=&#8221;5%|5%|5%|5%|true|true&#8221; custom_padding_tablet=&#8221;5%|5%|5%|5%|true|true&#8221; custom_padding_phone=&#8221;5%|5%|5%|5%|true|true&#8221; custom_padding_last_edited=&#8221;on|phone&#8221; global_colors_info=&#8221;{}&#8221;][et_pb_text _builder_version=&#8221;4.27.4&#8243; _module_preset=&#8221;default&#8221; text_text_color=&#8221;#000000&#8243; text_line_height=&#8221;1.8em&#8221; header_2_text_color=&#8221;#000000&#8243; header_2_font_size=&#8221;35px&#8221; header_2_letter_spacing=&#8221;1px&#8221; header_2_line_height=&#8221;1.4em&#8221; background_color=&#8221;RGBA(255,255,255,0)&#8221; custom_padding=&#8221;116px||116px||true|false&#8221; custom_padding_tablet=&#8221;116px||116px||true|false&#8221; custom_padding_phone=&#8221;0px||0px||true|false&#8221; custom_padding_last_edited=&#8221;on|phone&#8221; header_font_size_tablet=&#8221;&#8221; header_font_size_phone=&#8221;24px&#8221; header_font_size_last_edited=&#8221;on|phone&#8221; global_colors_info=&#8221;{}&#8221;]<\/p>\n<h1>NICKEL ALLOY SHEETS<\/h1>\n<p><span>EN 1.4563, Nicrofer 3127 LC, Alloy 28<\/span><br \/><span>EN 2.4858, Nicrofer 4221, Alloy 825<\/span><\/p>\n<p>[\/et_pb_text][\/et_pb_column][\/et_pb_row][et_pb_row column_structure=&#8221;1_2,1_2&#8243; use_custom_gutter=&#8221;on&#8221; gutter_width=&#8221;1&#8243; make_equal=&#8221;on&#8221; _builder_version=&#8221;4.23.1&#8243; _module_preset=&#8221;default&#8221; custom_padding=&#8221;0px||||false|false&#8221; global_colors_info=&#8221;{}&#8221;][et_pb_column type=&#8221;1_2&#8243; _builder_version=&#8221;4.23.1&#8243; _module_preset=&#8221;default&#8221; background_color=&#8221;#e2e7ed&#8221; custom_padding=&#8221;5%|5%|5%|5%|true|true&#8221; custom_padding_tablet=&#8221;5%|5%|5%|5%|true|true&#8221; custom_padding_phone=&#8221;5%|5%|5%|5%|true|true&#8221; custom_padding_last_edited=&#8221;on|phone&#8221; global_colors_info=&#8221;{}&#8221;][et_pb_text _builder_version=&#8221;4.27.4&#8243; _module_preset=&#8221;default&#8221; text_text_color=&#8221;#000000&#8243; text_line_height=&#8221;1.8em&#8221; header_2_text_color=&#8221;#000000&#8243; header_2_font_size=&#8221;35px&#8221; header_2_letter_spacing=&#8221;1px&#8221; header_2_line_height=&#8221;1.4em&#8221; background_color=&#8221;RGBA(255,255,255,0)&#8221; header_2_font_size_tablet=&#8221;35px&#8221; header_2_font_size_phone=&#8221;24px&#8221; header_2_font_size_last_edited=&#8221;on|desktop&#8221; global_colors_info=&#8221;{}&#8221;]<\/p>\n<h2>DELIVERY PROGRAM<\/h2>\n<h4>NICKEL ALLOY STEEL:<\/h4>\n<p>\u2013 e.g. Alloy 601, Alloy 800, Alloy 825, Alloy 625, Alloy C-276, Alloy C-22<\/p>\n<h4>Stainless and acid-resistant steels:<\/h4>\n<p>\u2013 e.g. 1.4541\/1.4878, 1.4571, 1.4436, 1.4460, 1.4462, 1.4410, 1.4539, 1.4547<\/p>\n<h4>HEAT-RESISTANT STEEL:<\/h4>\n<p>\u2013 e.g. 25CrMo4, 21CrMoV5-7, X22CrMoV121<\/p>\n<h4>Rejuvenating steel:<\/h4>\n<p>\u2013 e.g.\u00a0 42CrMo4, 34CrNiMo6, 40CrMoV4-6<\/p>\n<h4>Nickel alloy and stainless sheets<\/h4>\n<p>also pre-cut and bars pre-sawed.<\/p>\n<p>Heat-resistant and tempered steel bars also pre-sawed.<\/p>\n<p>[\/et_pb_text][\/et_pb_column][et_pb_column type=&#8221;1_2&#8243; _builder_version=&#8221;4.23.1&#8243; _module_preset=&#8221;default&#8221; background_image=&#8221;https:\/\/cronimo.fi\/wp-content\/uploads\/2023\/09\/Ruostumattomat-ja-haponkestavat-terasputket.jpg&#8221; custom_padding=&#8221;||||true&#8221; custom_padding_tablet=&#8221;||||true&#8221; custom_padding_phone=&#8221;||||true|false&#8221; custom_padding_last_edited=&#8221;on|desktop&#8221; global_colors_info=&#8221;{}&#8221;][et_pb_image src=&#8221;https:\/\/cronimo.fi\/wp-content\/uploads\/2023\/09\/Ruostumattomat-ja-haponkestavat-terasputket.jpg&#8221; alt=&#8221;Ruostumattomat ja haponkest\u00e4v\u00e4t ter\u00e4sputket&#8221; title_text=&#8221;Ruostumattomat ja haponkest\u00e4v\u00e4t ter\u00e4sputket&#8221; force_fullwidth=&#8221;on&#8221; disabled_on=&#8221;off|on|on&#8221; _builder_version=&#8221;4.23.1&#8243; _module_preset=&#8221;default&#8221; max_height=&#8221;625px&#8221; max_height_tablet=&#8221;416px&#8221; max_height_phone=&#8221;257px&#8221; max_height_last_edited=&#8221;on|phone&#8221; global_colors_info=&#8221;{}&#8221;][\/et_pb_image][\/et_pb_column][\/et_pb_row][et_pb_row _builder_version=&#8221;4.21.0&#8243; _module_preset=&#8221;default&#8221; custom_padding=&#8221;4px||2px|||&#8221; global_colors_info=&#8221;{}&#8221;][et_pb_column type=&#8221;4_4&#8243; _builder_version=&#8221;4.21.0&#8243; _module_preset=&#8221;default&#8221; global_colors_info=&#8221;{}&#8221;][et_pb_slider _builder_version=&#8221;4.21.0&#8243; _module_preset=&#8221;default&#8221; header_font=&#8221;|600|||||||&#8221; header_text_color=&#8221;#FFFFFF&#8221; global_colors_info=&#8221;{}&#8221;][et_pb_slide heading=&#8221;HOW CAN WE HELP YOU? GET IN TOUCH!&#8221; button_text=&#8221;Contact Us&#8221; button_link=&#8221;https:\/\/cronimo.fi\/en\/contact-us\/&#8221; _builder_version=&#8221;4.21.0&#8243; _module_preset=&#8221;default&#8221; header_level=&#8221;h2&#8243; header_font=&#8221;|600|||||||&#8221; header_font_size=&#8221;39px&#8221; body_font=&#8221;|600|||||||&#8221; body_text_align=&#8221;center&#8221; body_line_height=&#8221;36px&#8221; background_color=&#8221;#f5561e&#8221; background_enable_color=&#8221;on&#8221; background_image=&#8221;https:\/\/cronimo.fi\/wp-content\/uploads\/2021\/07\/Cronimo_Ikoni_valk.png&#8221; background_enable_image=&#8221;on&#8221; background_size=&#8221;initial&#8221; background_position=&#8221;center_right&#8221; background_horizontal_offset=&#8221;0%&#8221; background_blend=&#8221;soft-light&#8221; custom_button=&#8221;on&#8221; button_text_color=&#8221;#000000&#8243; button_bg_color=&#8221;#FFFFFF&#8221; button_border_width=&#8221;0px&#8221; button_border_color=&#8221;RGBA(255,255,255,0)&#8221; button_font=&#8221;|600||on|||||&#8221; text_orientation=&#8221;center&#8221; background_layout=&#8221;light&#8221; custom_padding=&#8221;103px||103px||true|false&#8221; global_colors_info=&#8221;{}&#8221; sticky_transition=&#8221;on&#8221;][\/et_pb_slide][\/et_pb_slider][\/et_pb_column][\/et_pb_row][\/et_pb_section]<\/p>\n","protected":false},"excerpt":{"rendered":"<p>STEEL PLATES FIRE-RESISTANT STEEL PLATES EN\u00a0 1.4713EN 1.4742EN 1.4828EN 1.4835 \/ 253 (MA)EN 1.4841 HEAT-RESISTANT STEEL PLATES 16 Mo 313CrMo 4-5 \/ SA387 Gr.12 Cl.210CrMo 9-10 \/ SA387 Gr.22 Cl.2ROUND STEEL FIRE-RESISTANT ROUND STEELEN 1.4828EN 1.4841EN 1.4835 \/ 253 (MA)EN 1.4742 HEAT-RESISTANT ROUND STEELP250GH \/ SA105 \/ C22.816 Mo 313CrMo 4-5 \/ SA182 F1210CrMo 9-10 [&hellip;]<\/p>\n","protected":false},"author":1,"featured_media":0,"parent":0,"menu_order":0,"comment_status":"closed","ping_status":"closed","template":"","meta":{"_et_pb_use_builder":"on","_et_pb_old_content":"","_et_gb_content_width":"","footnotes":""},"class_list":["post-634","page","type-page","status-publish","hentry"],"yoast_head":"<!-- This site is optimized with the Yoast SEO plugin v27.3 - https:\/\/yoast.com\/product\/yoast-seo-wordpress\/ -->\n<title>Cronimo - steel plates, round steels, nickel alloy plates, steel pipes<\/title>\n<meta name=\"description\" content=\"Steel sheets, round steels, steel pipes, nickel alloy sheets, seamless pipes, heat- and fire-resistant steel sheets.\" \/>\n<meta name=\"robots\" content=\"index, follow, max-snippet:-1, max-image-preview:large, max-video-preview:-1\" \/>\n<link rel=\"canonical\" href=\"https:\/\/cronimo.fi\/varastotuotteet\/\" \/>\n<meta property=\"og:locale\" content=\"en_US\" \/>\n<meta property=\"og:type\" content=\"article\" \/>\n<meta property=\"og:title\" content=\"Cronimo - steel plates, round steels, nickel alloy plates, steel pipes\" \/>\n<meta property=\"og:description\" content=\"Steel sheets, round steels, steel pipes, nickel alloy sheets, seamless pipes, heat- and fire-resistant steel sheets.\" \/>\n<meta property=\"og:url\" content=\"https:\/\/cronimo.fi\/varastotuotteet\/\" \/>\n<meta property=\"og:site_name\" content=\"Cronimo\" \/>\n<meta property=\"article:modified_time\" content=\"2025-06-18T14:00:24+00:00\" \/>\n<meta name=\"twitter:card\" content=\"summary_large_image\" \/>\n<meta name=\"twitter:label1\" content=\"Est. reading time\" \/>\n\t<meta name=\"twitter:data1\" content=\"8 minutes\" \/>\n<script type=\"application\/ld+json\" class=\"yoast-schema-graph\">{\"@context\":\"https:\\\/\\\/schema.org\",\"@graph\":[{\"@type\":\"WebPage\",\"@id\":\"https:\\\/\\\/cronimo.fi\\\/varastotuotteet\\\/\",\"url\":\"https:\\\/\\\/cronimo.fi\\\/varastotuotteet\\\/\",\"name\":\"Cronimo - steel plates, round steels, nickel alloy plates, steel pipes\",\"isPartOf\":{\"@id\":\"https:\\\/\\\/cronimo.fi\\\/#website\"},\"datePublished\":\"2023-09-15T08:19:29+00:00\",\"dateModified\":\"2025-06-18T14:00:24+00:00\",\"description\":\"Steel sheets, round steels, steel pipes, nickel alloy sheets, seamless pipes, heat- and fire-resistant steel sheets.\",\"breadcrumb\":{\"@id\":\"https:\\\/\\\/cronimo.fi\\\/varastotuotteet\\\/#breadcrumb\"},\"inLanguage\":\"en-US\",\"potentialAction\":[{\"@type\":\"ReadAction\",\"target\":[\"https:\\\/\\\/cronimo.fi\\\/varastotuotteet\\\/\"]}]},{\"@type\":\"BreadcrumbList\",\"@id\":\"https:\\\/\\\/cronimo.fi\\\/varastotuotteet\\\/#breadcrumb\",\"itemListElement\":[{\"@type\":\"ListItem\",\"position\":1,\"name\":\"Etusivu\",\"item\":\"https:\\\/\\\/cronimo.fi\\\/en\\\/\"},{\"@type\":\"ListItem\",\"position\":2,\"name\":\"Products\"}]},{\"@type\":\"WebSite\",\"@id\":\"https:\\\/\\\/cronimo.fi\\\/#website\",\"url\":\"https:\\\/\\\/cronimo.fi\\\/\",\"name\":\"Cronimo\",\"description\":\"An expert in steel\",\"publisher\":{\"@id\":\"https:\\\/\\\/cronimo.fi\\\/#organization\"},\"potentialAction\":[{\"@type\":\"SearchAction\",\"target\":{\"@type\":\"EntryPoint\",\"urlTemplate\":\"https:\\\/\\\/cronimo.fi\\\/?s={search_term_string}\"},\"query-input\":{\"@type\":\"PropertyValueSpecification\",\"valueRequired\":true,\"valueName\":\"search_term_string\"}}],\"inLanguage\":\"en-US\"},{\"@type\":\"Organization\",\"@id\":\"https:\\\/\\\/cronimo.fi\\\/#organization\",\"name\":\"Cronimo\",\"url\":\"https:\\\/\\\/cronimo.fi\\\/\",\"logo\":{\"@type\":\"ImageObject\",\"inLanguage\":\"en-US\",\"@id\":\"https:\\\/\\\/cronimo.fi\\\/#\\\/schema\\\/logo\\\/image\\\/\",\"url\":\"https:\\\/\\\/cronimo.fi\\\/wp-content\\\/uploads\\\/2021\\\/06\\\/Cronimo_oranssi.png\",\"contentUrl\":\"https:\\\/\\\/cronimo.fi\\\/wp-content\\\/uploads\\\/2021\\\/06\\\/Cronimo_oranssi.png\",\"width\":400,\"height\":190,\"caption\":\"Cronimo\"},\"image\":{\"@id\":\"https:\\\/\\\/cronimo.fi\\\/#\\\/schema\\\/logo\\\/image\\\/\"}}]}<\/script>\n<!-- \/ Yoast SEO plugin. -->","yoast_head_json":{"title":"Cronimo - steel plates, round steels, nickel alloy plates, steel pipes","description":"Steel sheets, round steels, steel pipes, nickel alloy sheets, seamless pipes, heat- and fire-resistant steel sheets.","robots":{"index":"index","follow":"follow","max-snippet":"max-snippet:-1","max-image-preview":"max-image-preview:large","max-video-preview":"max-video-preview:-1"},"canonical":"https:\/\/cronimo.fi\/varastotuotteet\/","og_locale":"en_US","og_type":"article","og_title":"Cronimo - steel plates, round steels, nickel alloy plates, steel pipes","og_description":"Steel sheets, round steels, steel pipes, nickel alloy sheets, seamless pipes, heat- and fire-resistant steel sheets.","og_url":"https:\/\/cronimo.fi\/varastotuotteet\/","og_site_name":"Cronimo","article_modified_time":"2025-06-18T14:00:24+00:00","twitter_card":"summary_large_image","twitter_misc":{"Est. reading time":"8 minutes"},"schema":{"@context":"https:\/\/schema.org","@graph":[{"@type":"WebPage","@id":"https:\/\/cronimo.fi\/varastotuotteet\/","url":"https:\/\/cronimo.fi\/varastotuotteet\/","name":"Cronimo - steel plates, round steels, nickel alloy plates, steel pipes","isPartOf":{"@id":"https:\/\/cronimo.fi\/#website"},"datePublished":"2023-09-15T08:19:29+00:00","dateModified":"2025-06-18T14:00:24+00:00","description":"Steel sheets, round steels, steel pipes, nickel alloy sheets, seamless pipes, heat- and fire-resistant steel sheets.","breadcrumb":{"@id":"https:\/\/cronimo.fi\/varastotuotteet\/#breadcrumb"},"inLanguage":"en-US","potentialAction":[{"@type":"ReadAction","target":["https:\/\/cronimo.fi\/varastotuotteet\/"]}]},{"@type":"BreadcrumbList","@id":"https:\/\/cronimo.fi\/varastotuotteet\/#breadcrumb","itemListElement":[{"@type":"ListItem","position":1,"name":"Etusivu","item":"https:\/\/cronimo.fi\/en\/"},{"@type":"ListItem","position":2,"name":"Products"}]},{"@type":"WebSite","@id":"https:\/\/cronimo.fi\/#website","url":"https:\/\/cronimo.fi\/","name":"Cronimo","description":"An expert in steel","publisher":{"@id":"https:\/\/cronimo.fi\/#organization"},"potentialAction":[{"@type":"SearchAction","target":{"@type":"EntryPoint","urlTemplate":"https:\/\/cronimo.fi\/?s={search_term_string}"},"query-input":{"@type":"PropertyValueSpecification","valueRequired":true,"valueName":"search_term_string"}}],"inLanguage":"en-US"},{"@type":"Organization","@id":"https:\/\/cronimo.fi\/#organization","name":"Cronimo","url":"https:\/\/cronimo.fi\/","logo":{"@type":"ImageObject","inLanguage":"en-US","@id":"https:\/\/cronimo.fi\/#\/schema\/logo\/image\/","url":"https:\/\/cronimo.fi\/wp-content\/uploads\/2021\/06\/Cronimo_oranssi.png","contentUrl":"https:\/\/cronimo.fi\/wp-content\/uploads\/2021\/06\/Cronimo_oranssi.png","width":400,"height":190,"caption":"Cronimo"},"image":{"@id":"https:\/\/cronimo.fi\/#\/schema\/logo\/image\/"}}]}},"_links":{"self":[{"href":"https:\/\/cronimo.fi\/en\/wp-json\/wp\/v2\/pages\/634","targetHints":{"allow":["GET"]}}],"collection":[{"href":"https:\/\/cronimo.fi\/en\/wp-json\/wp\/v2\/pages"}],"about":[{"href":"https:\/\/cronimo.fi\/en\/wp-json\/wp\/v2\/types\/page"}],"author":[{"embeddable":true,"href":"https:\/\/cronimo.fi\/en\/wp-json\/wp\/v2\/users\/1"}],"replies":[{"embeddable":true,"href":"https:\/\/cronimo.fi\/en\/wp-json\/wp\/v2\/comments?post=634"}],"version-history":[{"count":25,"href":"https:\/\/cronimo.fi\/en\/wp-json\/wp\/v2\/pages\/634\/revisions"}],"predecessor-version":[{"id":2991,"href":"https:\/\/cronimo.fi\/en\/wp-json\/wp\/v2\/pages\/634\/revisions\/2991"}],"wp:attachment":[{"href":"https:\/\/cronimo.fi\/en\/wp-json\/wp\/v2\/media?parent=634"}],"curies":[{"name":"wp","href":"https:\/\/api.w.org\/{rel}","templated":true}]}}